{"id":1220,"date":"2025-02-27T15:26:56","date_gmt":"2025-02-27T14:26:56","guid":{"rendered":"https:\/\/equilaw.be\/terms-conditions\/"},"modified":"2025-09-12T14:23:47","modified_gmt":"2025-09-12T12:23:47","slug":"conditions-generales","status":"publish","type":"page","link":"https:\/\/equilaw.be\/fr\/conditions-generales\/","title":{"rendered":"Conditions g\u00e9n\u00e9rales"},"content":{"rendered":"\n<h2 class=\"wp-block-heading\">1. G\u00e9n\u00e9ralit\u00e9s<\/h2>\n\n\n\n<p>Les pr\u00e9sentes conditions g\u00e9n\u00e9rales s&rsquo;appliquent \u00e0 l\u2019ensemble des services (\u00ab Services \u00bb) fournis par le cabinet d\u2019avocats EQUI Law Firm srl, dont le si\u00e8ge social est situ\u00e9 \u00e0 Square de MEEUS,35 \u00e0 1000 Bruxelles et enregistr\u00e9e \u00e0 la BCE sous le num\u00e9ro BE 1017.289.874 (\u00ab EQUI \u00bb), dans toutes ses relations avec chacun de ses clients (\u00ab Client \u00bb). Elles s&rsquo;appliquent en compl\u00e9ment des conditions particuli\u00e8res qui, le cas \u00e9ch\u00e9ant, ont \u00e9t\u00e9 convenues avec le Client. En cas de contradiction entre les pr\u00e9sentes conditions g\u00e9n\u00e9rales et les conditions particuli\u00e8res, les conditions particuli\u00e8res pr\u00e9valent, \u00e0 la condition qu&rsquo;elles aient \u00e9t\u00e9 \u00e9tablies par \u00e9crit. L&rsquo;application des conditions g\u00e9n\u00e9rales du Client est express\u00e9ment exclue, quelle que soit la d\u00e9nomination de ces conditions g\u00e9n\u00e9rales et le moment o\u00f9 elles ont \u00e9t\u00e9 communiqu\u00e9es \u00e0 EQUI.<\/p>\n\n\n\n<h2 class=\"wp-block-heading\">2. Services<\/h2>\n\n\n\n<p>Les Services comprennent tout conseil et toute prestation juridique r\u00e9alis\u00e9e \u00e0 la demande ou au nom du Client. Le prestataire des Services est EQUI, quel que soit l&rsquo;avocat membre de EQUI qui ex\u00e9cute les Services. Le Client reconna\u00eet et accepte que EQUI soit en droit de sous-traiter la mission en tout ou partie \u00e0 des avocats ne faisant pas partie de EQUI. Le client reconna\u00eet et accepte que, dans le cadre d&rsquo;une mission, EQUI peut ou doit \u00e9galement recourir aux services ou \u00e0 l&rsquo;intervention de tiers qui ne sont pas des avocats, tels que des huissiers, notaires, experts-comptables, conseils techniques, traducteurs, fonctionnaires, etc. Le Client accepte de supporter tous les co\u00fbts, r\u00e9mun\u00e9rations, compensations et honoraires des tiers qui interviennent dans le cadre de la prestation des Services et autorise EQUI \u00e0 accepter les conditions contractuelles, y compris les limitations de responsabilit\u00e9 des tiers, pour et au nom du Client.<\/p>\n\n\n\n<h2 class=\"wp-block-heading\">3. Respect des r\u00e8gles d\u00e9ontologiques<\/h2>\n\n\n\n<p>EQUI et ses avocats assurent la r\u00e9alisation des Services dans le respect des r\u00e8gles de l&rsquo;art et des r\u00e8gles d\u00e9ontologiques de l&rsquo;Ordre des Avocats aupr\u00e8s duquel est inscrit chaque avocat intervenant dans la prestation desdits Services (disponibles, pour l\u2019Ordre fran\u00e7ais des avocats du Barreau de Bruxelles, sur le site internet <br>https:\/\/www.barreaudebruxelles.info\/index.php\/actus-publications\/publications\/regles-de-deontologie, et pour l\u2019Ordre des Barreaux flamands (OVB), sur le site https:\/\/www.ordevanvlaamsebalies.be\/nl\/kennisbank\/deontologie\/codex-deontologie-voor-advocaten) et au mieux de ses capacit\u00e9s. Les engagements de EQUI \u00e0 cet \u00e9gard sont des obligations de moyens. EQUI ne garantit jamais aucun r\u00e9sultat ou utilit\u00e9 particuli\u00e8re en rapport avec ses Services.<\/p>\n\n\n\n<h2 class=\"wp-block-heading\">4. Respect de la l\u00e9gislation anti-blanchiment<\/h2>\n\n\n\n<p>EQUI et ses avocats assurent l\u2019ensemble de leurs Services dans le respect de la loi du 18 septembre 2017 relative \u00e0 la pr\u00e9vention du blanchiment d&rsquo;argent et du financement du terrorisme et \u00e0 la restriction de l&rsquo;usage des esp\u00e8ces. Dans ce cadre, EQUI est tenue d&rsquo;identifier ses clients et de conserver les pi\u00e8ces justificatives. EQUI se r\u00e9serve le droit de suspendre ses prestations dans le cadre d&rsquo;une mission si les informations demand\u00e9es ne sont pas fournies par le client ou si le client fournit des informations incompl\u00e8tes ou incorrectes.<\/p>\n\n\n\n<h2 class=\"wp-block-heading\">5. Fourniture d&rsquo;informations<\/h2>\n\n\n\n<p>Le Client s&rsquo;engage \u00e0 fournir toutes les donn\u00e9es et informations, \u00e9ventuellement justifi\u00e9es par des documents, n\u00e9cessaires \u00e0 la bonne \u00e9valuation et au bon d\u00e9roulement des Services. Le Client garantit l&rsquo;exactitude, l&rsquo;exhaustivit\u00e9 et la fiabilit\u00e9 des informations fournies \u00e0 EQUI par ou pour son compte. Le Client s\u2019engage \u00e0 informer spontan\u00e9ment EQUI de tout fait nouveau ou circonstance nouvelle, de quelque nature que ce soit, li\u00e9 \u00e0 l&rsquo;ex\u00e9cution des Services. Si ces informations ne sont pas fournies en temps utile et\/ou de mani\u00e8re compl\u00e8te, EQUI est en droit de facturer des frais suppl\u00e9mentaires et\/ou de suspendre la prestation de ses Services.<\/p>\n\n\n\n<h2 class=\"wp-block-heading\">6. Honoraires<\/h2>\n\n\n\n<p>Sauf accord expr\u00e8s contraire, la prestation des Services est r\u00e9mun\u00e9r\u00e9e sur la base d\u2019un tarif horaire. EQUI est \u00e9galement en droit de demander des avances sous forme de provisions.<\/p>\n\n\n\n<p>EQUI se r\u00e9serve le droit d&rsquo;ajuster ses honoraires, sous r\u00e9serve de notification pr\u00e9alable et d&rsquo;accord du Client. A d\u00e9faut de contestation du nouveau tarif dans un d\u00e9lai de 14 jours \u00e0 compter de la notification \u00e9crite, le Client est r\u00e9put\u00e9 avoir accept\u00e9 le nouveau tarif des honoraires. Cet ajustement des honoraires est limit\u00e9 \u00e0 une fois par ann\u00e9e civile.<\/p>\n\n\n\n<h2 class=\"wp-block-heading\">7. Frais de EQUI<\/h2>\n\n\n\n<p>Les frais de bureau sont factur\u00e9s \u00e0 un taux forfaitaire de 6 % du montant total des honoraires factur\u00e9s. Les frais et d\u00e9penses extraordinaires expos\u00e9s dans le cadre d&rsquo;une mission, tels que les frais de d\u00e9placement, d\u2019h\u00e9bergement etc., sont factur\u00e9s s\u00e9par\u00e9ment.<\/p>\n\n\n\n<h2 class=\"wp-block-heading\">8. Frais et d\u00e9penses de tiers (d\u00e9bours)<\/h2>\n\n\n\n<p>Le Client est tenu de supporter tous les frais et d\u00e9penses dus \u00e0 des tiers et intervenant dans le cadre d&rsquo;une mission, soit contre paiement direct au tiers concern\u00e9, soit \u00e0 EQUI, si EQUI a avanc\u00e9 ces frais et d\u00e9penses au nom du Client.<\/p>\n\n\n\n<h2 class=\"wp-block-heading\">9. Factures et paiement<\/h2>\n\n\n\n<p>Les honoraires et frais de EQUI sont soumis \u00e0 la TVA. Toutes les factures sont payables dans les 15 jours suivant leur r\u00e9ception par le Client. Ceci s&rsquo;applique \u00e9galement si un tiers-payant a \u00e9t\u00e9 d\u00e9sign\u00e9, par exemple un assureur.<\/p>\n\n\n\n<p>En cas de non-paiement total ou partiel d&rsquo;une facture \u00e0 l&rsquo;\u00e9ch\u00e9ance, des int\u00e9r\u00eats de retard et des dommages et int\u00e9r\u00eats sont factur\u00e9s conform\u00e9ment \u00e0 la loi du 2 ao\u00fbt 2002 relative \u00e0 la lutte contre le retard de paiement dans les transactions commerciales. Toute facture non contest\u00e9e par \u00e9crit et motiv\u00e9e dans un d\u00e9lai de 15 jours \u00e0 compter de sa r\u00e9ception est consid\u00e9r\u00e9e comme accept\u00e9e et due par le Client.<\/p>\n\n\n\n<h2 class=\"wp-block-heading\">10. Fonds de tiers<\/h2>\n\n\n\n<p>EQUI s\u2019engage \u00e0 transf\u00e9rer au Client tous les montants re\u00e7us pour le Client dans les plus brefs d\u00e9lais. Si ce transfert ne peut avoir lieu imm\u00e9diatement, EQUI en informe le Client et lui indique le motif.<\/p>\n\n\n\n<p>EQUI est en droit de proc\u00e9der \u00e0 des retenues sur les sommes qu&rsquo;elle per\u00e7oit pour le compte du Client au titre d\u2019honoraires ou de frais impay\u00e9s. Le Client en est inform\u00e9 par \u00e9crit. Cette disposition ne porte pas atteinte au droit du Client de contester les relev\u00e9s d&rsquo;honoraires de EQUI et de r\u00e9clamer le paiement de ces sommes retenues.<\/p>\n\n\n\n<p>EQUI transf\u00e8re imm\u00e9diatement toutes les sommes qu&rsquo;elle re\u00e7oit du Client pour le compte de tiers aux tiers concern\u00e9s.<\/p>\n\n\n\n<h2 class=\"wp-block-heading\">11. Confidentialit\u00e9<\/h2>\n\n\n\n<p>EQUI et ses avocats traitent de mani\u00e8re confidentielle toutes les informations et documents re\u00e7us par le Client et ne les partagent pas avec des tiers, sauf si une telle communication est n\u00e9cessaire ou utile aux int\u00e9r\u00eats du Client dans le cadre de la prestation des Services. A la fin de la mission, les pi\u00e8ces du dossier sont restitu\u00e9es par EQUI au Client ou conserv\u00e9es et archiv\u00e9es pendant le d\u00e9lai l\u00e9gal.<\/p>\n\n\n\n<h2 class=\"wp-block-heading\">12. Donn\u00e9es personnelles<\/h2>\n\n\n\n<p>EQUI traite les donn\u00e9es personnelles du Client conform\u00e9ment \u00e0 ses obligations l\u00e9gales et \u00e0 sa politique de traitement des donn\u00e9es \u00e0 caract\u00e8re personnel consultable sur <a href=\"https:\/\/equilaw.be\" target=\"_blank\" rel=\"noopener\" title=\"equilaw.be\">equilaw.be<\/a>.<\/p>\n\n\n\n<h2 class=\"wp-block-heading\">13. Droits de propri\u00e9t\u00e9 intellectuelle<\/h2>\n\n\n\n<p>Tous les droits de propri\u00e9t\u00e9 intellectuelle relatifs aux documents, pi\u00e8ces, outils, conclusions, sch\u00e9mas, pr\u00e9sentations, etc. cr\u00e9\u00e9s par EQUI, dans le cadre de la r\u00e9alisation des Services ou non, et communiqu\u00e9s au Client, que ce soit sous une forme mat\u00e9rielle ou immat\u00e9rielle (\u00ab Productions \u00bb), appartiennent exclusivement \u00e0 EQUI. Les Productions communiqu\u00e9es au Client sont r\u00e9serv\u00e9es \u00e0 son usage exclusif et ne peuvent \u00eatre utilis\u00e9es que dans le cadre de la mission qu&rsquo;il a confi\u00e9e \u00e0 EQUI. Sauf autorisation \u00e9crite de EQUI, les Productions ne peuvent \u00eatre utilis\u00e9es par des tiers, y compris des personnes apparent\u00e9es au Client ou des soci\u00e9t\u00e9s li\u00e9es. Les tiers ne pourront s&rsquo;en pr\u00e9valoir et ni EQUI ni ses avocats ne peuvent en aucun cas \u00eatre tenus responsables envers les tiers pour l\u2019utilisation de ces Productions sans son autorisation expresse et sa collaboration.<\/p>\n\n\n\n<h2 class=\"wp-block-heading\">14. Assurances en responsabilit\u00e9<\/h2>\n\n\n\n<p>EQUI et ses Avocats sont assur\u00e9s pour leur responsabilit\u00e9 professionnelle dans l&rsquo;exercice de leurs fonctions par un contrat d&rsquo;assurance souscrit aupr\u00e8s du barreau o\u00f9 ils sont inscrits (contrat collectif souscrit par l&rsquo;Ordre fran\u00e7ais des avocats du Barreau de Bruxelles ou contrat collectif souscrit par l&rsquo;Ordre n\u00e9erlandais des avocats du Barreau de Bruxelles), jusqu\u2019\u00e0 2.500.000 euros par sinistre (montant au 1er janvier 2025), tous dommages confondus.<\/p>\n\n\n\n<p>Le Client reconnait que cette couverture d\u2019assurance est suffisante. Sur demande \u00e9crite du Client, EQUI peut souscrire une assurance compl\u00e9mentaire pour un ou plusieurs dossiers en particulier. Le co\u00fbt engendr\u00e9 est port\u00e9 en compte au Client.<\/p>\n\n\n\n<h3 class=\"wp-block-heading\">A. Limitation de responsabilit\u00e9<\/h3>\n\n\n\n<p>Dans les limites autoris\u00e9es par la loi et la d\u00e9ontologie applicable, les dispositions du livre 6 du Code civil en mati\u00e8re de responsabilit\u00e9 extracontractuelle ne sont pas applicables entre EQUI et le Client, ni entre les Avocats ou d\u2019autres auxiliaires de EQUI d\u2019une part et le Client d\u2019autre part, m\u00eame lorsque l\u2019\u00e9v\u00e9nement \u00e0 l\u2019origine du dommage est un acte illicite.<\/p>\n\n\n\n<p>Dans les limites autoris\u00e9es par la loi et la d\u00e9ontologie applicable, EQUI, ainsi que ses Avocats ne peuvent \u00eatre tenus responsables (i) des dommages caus\u00e9s par toute utilisation non autoris\u00e9e des Services et Productions, notamment par des tiers, (ii) du disfonctionnement de tout syst\u00e8me informatique ou de communication, (iii) des informations fournies sur son site internet, (iv) des services et prestations de tiers (par exemple les avocats tiers, notaires, huissiers, traducteurs, etc.), et (v) des cons\u00e9quences que peuvent avoir les Services prest\u00e9s au regard d\u2019un droit \u00e9tranger (autre que la Belgique) quel qu\u2019il soit, notamment le droit des Etats-Unis d\u2019Am\u00e9rique et du Canada.<\/p>\n\n\n\n<p>Dans les limites autoris\u00e9es par la loi et la d\u00e9ontologie applicable, la responsabilit\u00e9 de EQUI et de ses Avocats est toujours limit\u00e9e au montant effectivement indemnis\u00e9 par les assureurs en ex\u00e9cution des polices d&rsquo;assurance en responsabilit\u00e9 professionnelle applicables (voir article 14). Si \u2013 et dans la mesure o\u00f9 \u2013 aucune indemnit\u00e9 ne peut \u00eatre vers\u00e9e au titre des assurances susvis\u00e9es, la responsabilit\u00e9 de EQUI et de ses Avocats est limit\u00e9e en principal, int\u00e9r\u00eats et frais au montant des honoraires acquitt\u00e9s par le Client pour les Services ayant caus\u00e9 le pr\u00e9judice, avec un maximum de 25.000 euros.<\/p>\n\n\n\n<p>Toute responsabilit\u00e9 solidaire de EQUI et de ses Avocats avec des tiers qui auraient \u00e9galement contribu\u00e9 au dommage, est express\u00e9ment exclue.<\/p>\n\n\n\n<h3 class=\"wp-block-heading\">B. Action en responsabilit\u00e9 du Client<\/h3>\n\n\n\n<p>Dans les limites autoris\u00e9es par la loi et la d\u00e9ontologie applicable, en cas de litige relatif aux Services, le Client accepte de n\u2019agir en responsabilit\u00e9 qu\u2019\u00e0 l\u2019encontre de EQUI, \u00e0 l\u2019exclusion de toute action \u00e0 l\u2019encontre d\u2019un ou plusieurs de ses Avocats ou autres auxiliaires au sens du Code civil.<\/p>\n\n\n\n<p>Dans les limites autoris\u00e9es par la loi et la d\u00e9ontologie applicable, le Client renonce \u00e0 faire valoir son droit \u00e0 indemnisation \u00e0 d\u00e9faut de l\u2019avoir notifi\u00e9 par \u00e9crit \u00e0 EQUI end\u00e9ans l\u2019ann\u00e9e \u00e0 compter du moment o\u00f9 il a eu ou aurait raisonnablement d\u00fb avoir connaissance des faits \u00e0 la source du dommage.<\/p>\n\n\n\n<h2 class=\"wp-block-heading\">15. R\u00e9siliation<\/h2>\n\n\n\n<p>EQUI ou le Client peuvent mettre fin \u00e0 la prestation des Services \u00e0 tout moment et sans indemnit\u00e9, sans pr\u00e9judice de l&rsquo;obligation du Client d\u2019acquitter les honoraires dus pour les Services d\u00e9j\u00e0 prest\u00e9s et les frais engag\u00e9s. Toute r\u00e9siliation par EQUI ne peut intervenir \u00e0 contre-temps et ne peut mettre en p\u00e9ril les int\u00e9r\u00eats du Client, sauf si ce dernier refuse d\u2019acquitter les honoraires et frais dus \u00e0 EQUI. EQUI restitue les pi\u00e8ces du dossier au Client \u00e0 premi\u00e8re demande.<\/p>\n\n\n\n<h2 class=\"wp-block-heading\">16. Assurance protection juridique<\/h2>\n\n\n\n<p>Si le Client b\u00e9n\u00e9ficie de l\u2019intervention d\u2019un tiers payant, notamment dans le cadre d\u2019une assurance de type protection juridique, le Client est tenu de signaler imm\u00e9diatement l\u2019intervention de ce tiers payant \u00e0 EQUI. Le Client reste responsable envers EQUI de l\u2019int\u00e9gralit\u00e9 des honoraires, frais et imp\u00f4ts aff\u00e9rents \u00e0 la prestation des Services et doit par cons\u00e9quent supporter le montant de ces honoraires, frais et imp\u00f4ts non pris en charge par le tiers payant (notamment en cas de d\u00e9passement du plafond d&rsquo;intervention, de refus partiel de couverture, de contestation par le tierspayant du tarif horaire ou du mode final de calcul des honoraires ou des frais, etc.).<\/p>\n\n\n\n<h2 class=\"wp-block-heading\">17. Divisibilit\u00e9<\/h2>\n\n\n\n<p>La nullit\u00e9, l&rsquo;invalidit\u00e9 ou l&rsquo;inopposabilit\u00e9 d&rsquo;une ou plusieurs dispositions des pr\u00e9sentes conditions g\u00e9n\u00e9rales, ou d\u2019une partie de disposition des pr\u00e9sentes conditions g\u00e9n\u00e9rales, n&rsquo;affecte pas la validit\u00e9 et l&rsquo;opposabilit\u00e9 des autres dispositions et n&rsquo;entra\u00eene pas la nullit\u00e9 des accords conclus avec le Client. Le cas \u00e9ch\u00e9ant, EQUI veillera \u00e0 ce que la disposition ou partie de disposition nulle, invalide ou inopposable soit remplac\u00e9e par une disposition ou partie de disposition valable se rapprochant le plus de l&rsquo;objectif de la disposition ou partie de disposition inapplicable.<\/p>\n\n\n\n<h2 class=\"wp-block-heading\">18. Droit applicable &#8211; r\u00e8glement des diff\u00e9rends<\/h2>\n\n\n\n<p>La prestation des Services est exclusivement soumise au droit belge, en ce compris les r\u00e8gles d\u00e9ontologiques de l&rsquo;ordre des avocats applicables. En cas de d\u00e9saccord, les parties tenteront toujours de parvenir \u00e0 une solution amiable, le cas \u00e9ch\u00e9ant en recourant \u00e0 la proc\u00e9dure sp\u00e9ciale de r\u00e8glement des diff\u00e9rends d\u00e9termin\u00e9e par l&rsquo;ordre des avocats comp\u00e9tent. Les litiges qui ne pourront \u00eatre r\u00e9gl\u00e9s \u00e0 l\u2019amiable ou par la proc\u00e9dure de r\u00e8glement des litiges de l\u2019Ordre des Avocats comp\u00e9tent rel\u00e8veront de la comp\u00e9tence exclusive des tribunaux de l\u2019arrondissement judiciaire de Bruxelles.<\/p>\n","protected":false},"excerpt":{"rendered":"<p>1. G\u00e9n\u00e9ralit\u00e9s Les pr\u00e9sentes conditions g\u00e9n\u00e9rales s&rsquo;appliquent \u00e0 l\u2019ensemble des services (\u00ab Services \u00bb) fournis par le cabinet d\u2019avocats EQUI&#8230;<\/p>\n","protected":false},"author":1,"featured_media":630,"parent":0,"menu_order":0,"comment_status":"closed","ping_status":"closed","template":"","meta":{"_acf_changed":false,"inline_featured_image":false,"footnotes":""},"class_list":["post-1220","page","type-page","status-publish","has-post-thumbnail","hentry"],"acf":[],"aioseo_notices":[],"_links":{"self":[{"href":"https:\/\/equilaw.be\/fr\/wp-json\/wp\/v2\/pages\/1220","targetHints":{"allow":["GET"]}}],"collection":[{"href":"https:\/\/equilaw.be\/fr\/wp-json\/wp\/v2\/pages"}],"about":[{"href":"https:\/\/equilaw.be\/fr\/wp-json\/wp\/v2\/types\/page"}],"author":[{"embeddable":true,"href":"https:\/\/equilaw.be\/fr\/wp-json\/wp\/v2\/users\/1"}],"replies":[{"embeddable":true,"href":"https:\/\/equilaw.be\/fr\/wp-json\/wp\/v2\/comments?post=1220"}],"version-history":[{"count":3,"href":"https:\/\/equilaw.be\/fr\/wp-json\/wp\/v2\/pages\/1220\/revisions"}],"predecessor-version":[{"id":1677,"href":"https:\/\/equilaw.be\/fr\/wp-json\/wp\/v2\/pages\/1220\/revisions\/1677"}],"wp:featuredmedia":[{"embeddable":true,"href":"https:\/\/equilaw.be\/fr\/wp-json\/wp\/v2\/media\/630"}],"wp:attachment":[{"href":"https:\/\/equilaw.be\/fr\/wp-json\/wp\/v2\/media?parent=1220"}],"curies":[{"name":"wp","href":"https:\/\/api.w.org\/{rel}","templated":true}]}}